{"id":643,"date":"2025-06-05T09:18:32","date_gmt":"2025-06-05T09:18:32","guid":{"rendered":"https:\/\/camit-argentina.org\/?page_id=643"},"modified":"2025-06-13T06:56:36","modified_gmt":"2025-06-13T06:56:36","slug":"el-equipo","status":"publish","type":"page","link":"https:\/\/camit-argentina.org\/index.php\/el-equipo\/","title":{"rendered":"El Equipo"},"content":{"rendered":"\t\t<div data-elementor-type=\"wp-page\" data-elementor-id=\"643\" class=\"elementor elementor-643\">\n\t\t\t\t<div class=\"elementor-element elementor-element-d7aa63b e-flex e-con-boxed e-con e-parent\" data-id=\"d7aa63b\" data-element_type=\"container\">\n\t\t\t\t\t<div class=\"e-con-inner\">\n\t\t\t\t<div class=\"elementor-element elementor-element-3c7b860 elementor-widget elementor-widget-image\" data-id=\"3c7b860\" data-element_type=\"widget\" data-widget_type=\"image.default\">\n\t\t\t\t<div class=\"elementor-widget-container\">\n\t\t\t\t\t\t\t\t\t\t\t\t\t\t\t<img fetchpriority=\"high\" decoding=\"async\" width=\"1024\" height=\"461\" src=\"https:\/\/camit-argentina.org\/wp-content\/uploads\/2024\/06\/Familiares-de-victimas-y-CAMIT-en-Pozo-de-Vargas-1024x461.jpg\" class=\"attachment-large size-large wp-image-19\" alt=\"\" srcset=\"https:\/\/camit-argentina.org\/wp-content\/uploads\/2024\/06\/Familiares-de-victimas-y-CAMIT-en-Pozo-de-Vargas-1024x461.jpg 1024w, https:\/\/camit-argentina.org\/wp-content\/uploads\/2024\/06\/Familiares-de-victimas-y-CAMIT-en-Pozo-de-Vargas-300x135.jpg 300w, https:\/\/camit-argentina.org\/wp-content\/uploads\/2024\/06\/Familiares-de-victimas-y-CAMIT-en-Pozo-de-Vargas-768x346.jpg 768w, https:\/\/camit-argentina.org\/wp-content\/uploads\/2024\/06\/Familiares-de-victimas-y-CAMIT-en-Pozo-de-Vargas-1536x691.jpg 1536w, https:\/\/camit-argentina.org\/wp-content\/uploads\/2024\/06\/Familiares-de-victimas-y-CAMIT-en-Pozo-de-Vargas-2048x922.jpg 2048w\" sizes=\"(max-width: 1024px) 100vw, 1024px\" \/>\t\t\t\t\t\t\t\t\t\t\t\t\t\t\t<\/div>\n\t\t\t\t<\/div>\n\t\t\t\t\t<\/div>\n\t\t\t\t<\/div>\n\t\t<div class=\"elementor-element elementor-element-09919aa e-flex e-con-boxed e-con e-parent\" data-id=\"09919aa\" data-element_type=\"container\">\n\t\t\t\t\t<div class=\"e-con-inner\">\n\t\t\t\t<div class=\"elementor-element elementor-element-f6dea2c elementor-widget elementor-widget-text-editor\" data-id=\"f6dea2c\" data-element_type=\"widget\" data-widget_type=\"text-editor.default\">\n\t\t\t\t<div class=\"elementor-widget-container\">\n\t\t\t\t\t\t\t\t\t<h4><strong>El CAMIT est\u00e1 constituido por hombres y mujeres con experiencias en distintos \u00e1mbitos de las ciencias sociales \u2013arqueolog\u00eda, antropolog\u00eda, historia social, estudios culturales, etc.\u2013 y las geociencias. Sus integrantes desarrollaron trabajos e investigaciones en diferentes contextos (prehisp\u00e1nicos, hist\u00f3ricos, actuales) y paisajes (urbanos y rurales del Norte Grande).\u00a0<\/strong><\/h4><p><span style=\"font-weight: 400;\">Con asiento en la provincia de Tucum\u00e1n, el CAMIT aborda el genocidio en la Argentina desde una perspectiva trans y multidisciplinaria, regional y local, incorporando los saberes de testigos, sobrevivientes y familiares de v\u00edctimas de la desaparici\u00f3n forzada.<\/span><\/p><p><span style=\"font-weight: 400;\">Desde el a\u00f1o 2016 el CAMIT adquiere su conformaci\u00f3n actual. Sus integrantes \u2013formados en la universidad p\u00fablica y algunos de ellos con una trayectoria forense desde el a\u00f1o 2002, cuando inician la investigaci\u00f3n en el Pozo de Vargas\u2013 avanzaron, estimularon y proyectaron indagaciones y problem\u00e1ticas con asiento en la conservaci\u00f3n de los recursos culturales, pol\u00edticas p\u00fablicas patrimoniales, Pueblos Originarios y los procesos de memoria posdictadura.<\/span><\/p><h4><b>Membri di Camit:<\/b><\/h4><h5><b>Vittorio Ataliva<\/b><b><\/b><\/h5><p>Specialista in Studi Culturali presso l&#8217;Universit\u00e0 Nazionale di Santiago del Estero. Membro fondatore del Gruppo Interdisciplinare di Antropologia e Archeologia di Tucum\u00e1n (2002) e CAMIT (2009).<\/p><p>Membro del Consiglio nazionale per la ricerca scientifica e tecnica (CONICET). Lavora come tecnico presso l&#8217;Istituto superiore di studi sociali (ISES, CONICET-UNT), dove contribuisce a progetti sui processi di memoria e sui diritti umani, sui popoli indigeni e sulla diagnosi per la conservazione delle risorse culturali e del patrimonio industriale. Ha pubblicato, per ISES, &#8220;Patrimonio Industriale Vivente e Memorie Locali. Contributi da Lastenia (Tucum\u00e1n, Argentina)&#8221; (2019, 100 p.) e ha co-diretto &#8220;Archeologia Forense e Processi di Memoria. Conoscenze e Riflessioni dalle Pratiche&#8221; (2020, seconda edizione co-curata da ISES, CAMIT e la Federaci\u00f3n Gr\u00e1fica Bonaerense, 500 pagine).<\/p><h5><b>Aldo A. Geronimo<\/b><b><\/b><\/h5><p>\u00c8 responsabile dell&#8217;Archivio CAMIT e, in qualit\u00e0 di esperto sollecitato dalla Corte Federale, ha assistito a quasi crimini contro l&#8217;umanit\u00e0 nelle province di Chaco e Tucum\u00e1n (Argentina). Membro dell&#8217;Istituto di Archeologia e Museo della Facolt\u00e0 di Scienze Naturali e dell&#8217;Istituto M. Lillo (UNT), ha contribuito a progetti di ricerca sull&#8217;arte rupestre delle societ\u00e0 preispaniche della Puna meridionale e settentrionale dell&#8217;Argentina.<\/p><p>Membro del Consiglio nazionale per la ricerca scientifica e tecnica (CONICET). Svolge l&#8217;attivit\u00e0 di Tecnico Stampa presso l&#8217;Istituto Superiore di Studi Sociali (ISES, CONICET-UNT), dove si occupa di ricerca, archiviazione e documentazione digitale presso il Laboratorio di Digitalizzazione (LaDi) e di progettazione di pubblicazioni scientifiche (riviste e libri). Ha co-diretto l&#8217;opera &#8220;Archeologia forensic e processi di memoria. Conoscenze e riflessioni dalla pratica&#8221; (due edizioni, 2019 e 2020).<\/p><h5><b>Gema Huetagoyena Guti\u00e9rrez<\/b><b><\/b><\/h5><p>Archeologo della Facolt\u00e0 di Scienze Naturali e dell&#8217;Istituto M. Lillo (UNT), vincitore del premio &#8220;Archeologia forense: contributi all&#8217;educazione e alla promozione dei diritti umani. Pozo de Vargas come caso di studio (Tucum\u00e1n, Argentina)&#8221; (presentato nel 2023). Come membro del CAMIT nel 2015 e nel campo dei quasi per crimini contro l&#8217;umanit\u00e0 a Tucum\u00e1n condotti dalla Corte Federale, si \u00e8 formato in diversi aspetti della registrazione forense (in particolare nel campo dell&#8217;antropologia biologica).<\/p><p>In questo modo, presso il CAMIT, si \u00e8 occupato di diverse iniziative di comunicazione scientifica pubblica, in particolare in ambito educativo, generando una partecipazione attiva e continuativa ad eventi di divulgazione scientifica che hanno coinciso con diverse istituzioni educative (della provincia di Tucum\u00e1n e di San Juan) dal 2015 al 2018.<\/p><h5><b>Ruy D. Zurita<\/b><b><\/b><\/h5><p>Membro fondatore del Gruppo Interdisciplinare di Antropologia e Archeologia di Tucum\u00e1n e del CAMIT, istituto di cui \u00e8 presidente dal 2019. Testimone esperto in casi federali per crimini contro l&#8217;umanit\u00e0 nelle province di Tucum\u00e1n, Chaco e Corrientes. Questa \u00e8 anche la testimonianza del candidato nei\u00a0 procedimenti <i>Megacausa de Arsenales e Jefatura II <\/i>\u00a0e\u00a0 <i>Operazione Independencia <\/i>\u00a0(Tucum\u00e1n, rispettivamente nel 2013 e nel 2017). Ha co-diretto l&#8217;opera &#8220;Archeologia forensic e processi di memoria. Conoscenze e riflessioni dalla pratica&#8221; (due edizioni, 2019 e 2020).<\/p><p>Le sue competenze comprendono il rilievo sistematico e lo scavo dei luoghi di sepoltura, l&#8217;interpretazione di fotografie aeree e immagini satellitari, la mappatura dei siti collegati alla pratica del genocidio e la ricostruzione attraverso l&#8217;incremento immobiliare. Per il suo lavoro scientifico in qualit\u00e0 di membro del CAMIT \u00e8 riconosciuto da diverse organizzazioni nazionali e provinciali.<\/p><h5><b>Luciano Rodrigo Molina<\/b><b><\/b><\/h5><p>Archeologo della Facolt\u00e0 di Scienze Naturali e dell&#8217;Istituto M. Lillo (Universit\u00e0 Nazionale di Tucum\u00e1n), vincitore con la ricerca &#8220;Analisi storica, sociale e archeologica di un sito di memoria inlla Provincia di Tucum\u00e1n. Il caso di Pozo de Vargas dalla fine del XIX secolo alla meta degli anni &#8217;70&#8221; (presentata nel 2022). Testimonianza di esperti quasi federali per crimini contro l&#8217;umanit\u00e0 nella provincia di Tucum\u00e1n.<\/p><p>Membro fondatore del CAMIT (2009), istituzione da lui presieduta tra il 2013 e il 2019. Con una vasta esperienza nel lavoro archeologico sul campo in diversi contesti (preispanico, storico e forense nel nord-ovest dell&#8217;Argentina) e in interventi di salvataggio e studi di impatto. Si \u00e8 specializzato nell&#8217;analisi della storia provinciale relativa a due importanti temi: da un lato, i crimini contro l&#8217;umanit\u00e0 nella seconda meta degli anni Settanta; D&#8217;altro canto, l&#8217;importanza sociale \u2013 tecnologica, sociale, culturale, ecc. \u2013 della ferrovia alla fine del XIX secolo e del patrimonio ferroviario.<\/p><h5><b>Andr\u00e9s Sebastian Romano<\/b><b><\/b><\/h5><p>Archeologo della Facolt\u00e0 di Scienze Naturali e dell&#8217;Istituto M. Lillo (UNT) e professore del Corso di Laurea in Archeologia (UNT). Sta conseguendo il dottorato di ricerca in Archeologia presso l&#8217;UNT con il tema \u201cNarrazioni materiali del genocidio: l&#8217;archeologia come strumento per la ricchezza della memoria e la ricchezza della giustizia (Provincia di Tucum\u00e1n, Argentina dal 1975 in poi)\u201d. Il responsabile della registrazione e dell&#8217;analisi del resto degli indumenti recuperati \u00e8 Pozo de Vargas. Membro fondatore del Gruppo Interdisciplinare di Antropologia e Archeologia di Tucum\u00e1n (2002) e CAMIT (2010).<\/p><p>Materia del Consiglio Nazionale della Ricerca Scientifica e Tecnica (CONICET), presso il Laboratorio di digitalizzazione (LaDi, dell&#8217;Istituto superiore di studi sociali, ISES). Membro\u00a0 <i>onorario <\/i>\u00a0della Commissione Provinciale per la prevenzione della tortura nella presentazione della societ\u00e0 civile (Onorevole Legislatura della Provincia di Tucum\u00e1n), carica ottenuta processo concorso pubblico (dal 25\/11\/2021 al 25\/11\/2025).<\/p><h5><b>Sergio F. Cano<\/b><b><\/b><\/h5><p>Archeologo della Facolt\u00e0 di Scienze Naturali e dell&#8217;Istituto M. Lillo (FCNeIML, UNT). Come professore universitario, insegna Geologia del Quaternario presso il Dipartimento di Archeologia del FCNeIML (UNT). Come ricercatore, parte del Laboratorio di Geoarcheologia (FCNeIML, UNT) e dell&#8217;Istituto Interdisciplinare di Studi Andini (INTERDEA) dell&#8217;UNT.<\/p><p>Testimone esperto presso il Tribunale Federale di Tucum\u00e1n in quasi crimini contro l&#8217;umanit\u00e0 nella provincia di Tucum\u00e1n. Presidente del Collegio dei Professionisti dell&#8217;Archeologia di Tucum\u00e1n (CPAT) (2024). I suoi ambiti di interesse scientifico sono legati all&#8217;archeobotanica nei contesti preispanici e storici, all&#8217;etnostoria, all&#8217;archeologia forense, alla geoarcheologia, alla fotogrammetria con drone e ai sistemi informativi geografici (GIS). Ha condotto studi di impatto e recuperi archeologici.<\/p><h5><b>Fatima Leal<\/b><b><\/b><\/h5><p>Come professoressa di chimica, ha collaborato con diversi istituti scolastici della provincia di Tucum\u00e1n (Istituto Tecnico n. 1 di Lastenia, Istituto Secondario \u201cGeneral Manuel Belgrano\u201d, Istituto Commerciale n. 1 \u201cGral. Manuel Belgrano\u201d, Istituto Secondario \u201cBernab\u00e9 Ar\u00e1oz\u201d, altri).<\/p><p>Consulente scientifico e sceneggiatore del progetto \u201cFumetto scientifico Los Sue\u00f1os de Camila\u201d per il Progetto Scientifico di CONICET, che mira ad avvicinare la scienza alla comunit\u00e0 in modo semplice e facilmente comprensibile. Conduzione del laboratorio \u201cSocializzare i fumetti\u201d. Ha tenuto convegni e workshop con finalit\u00e0 specifiche (\u201cL&#8217;uso del fumetto a scuola\u201d) e ha partecipato al 1\u00b0 Incontro Internazionale di Fumetto Educativo (Chiapas, Messico, 2015). Muralista, collabora con la Facolt\u00e0 di Filosofia e Lettere e con la Facolt\u00e0 di Biochimica, Chimica e Farmacia dell&#8217;Universit\u00e0 Nazionale di Tucum\u00e1n.<\/p><h5><b>Cesare Carrizo<\/b><b><\/b><\/h5><p>Insegnante, fumettista, ricercatore, muralista, sceneggiatore, illustratore e fumettista. Tour l&#8217;America con conferenze, workshop e corsi di formazione. Realizzare operazioni di illustrazioni, fumetti e murales in diversi spazi e con diverse istituzioni, quali: Ministero dell&#8217;Istruzione di Tucum\u00e1n; Riferimento per i fumetti digitali del National Connect Equality Program; Programma scientifico CONICET; Fondazione Calicomix, da Cali-Colombia; Smithsonian Institution Latino Center di Washington DC (USA); Istituto Cubano di Giornalismo dell&#8217;Avana (Cuba); Memoriale Latinoamericano di San Paolo (Brasile); e come muralista presso: Facolt\u00e0 di Filosofia e Lettere; Facolt\u00e0 di Biochimica, Chimica e Farmacia (Universit\u00e0 Nazionale di Tucum\u00e1n).<\/p><p>Ha pubblicato i suoi lavori e le sue ricerche in Argentina e a Cuba. Messico, Spagna, Ecuador, Brasile, Paraguay e Per\u00f9. Autore del progetto \u201cSocialize Comics\u201d (2004) e del progetto \u201cMural Comics\u201d (2009).<\/p><h5><b>Cynthia Elias Adriss<\/b><b><\/b><\/h5><p>Odontoiatra presso la Facolt\u00e0 di Odontoiatria dell&#8217;Universit\u00e0 Nazionale di Tucum\u00e1n. Nella sua formazione complementare ha seguito diversi corsi di specializzazione (23) e ha partecipato e frequentato convegni e congressi (20).<\/p><p>Tra i lavori svolti como odontoiatra (revisore dei conti, professionista in cliniche medico-odontoiatriche, ecc.) spicca il campo della sanit\u00e0 pubblica (CAPS Barrio Jard\u00edn), partecipando attivamente a diverse iniziative del SIPROSA (Sistema sanitario provinciale), quali: programmi scolastici (livello iniziale e primario degli istituti scolastici); Programmi di prevenzione della malattia (PRAT), programmi per coloro che sono colpiti e pacificamente colpiti da malattie croniche non trasmissibili, tra gli altri.<\/p><h5><b>Giulia Lund<\/b><b><\/b><\/h5><p>Archeologo della Facolt\u00e0 di Scienze Naturali e dell&#8217;Istituto M. Lillo (UNT) e professore del Corso di Laurea in Archeologia (UNT).<\/p><h5><b>Fabio R. Srur<\/b><b><\/b><\/h5><p>Archeologo della Facolt\u00e0 di Scienze Naturali e dell&#8217;Istituto M. Lillo (UNT).<\/p><h5><b>Alessandro Leiva<\/b><b><\/b><\/h5><p>Archeologo della Facolt\u00e0 di Scienze Naturali e dell&#8217;Istituto M. Lillo (UNT).<\/p>\t\t\t\t\t\t\t\t<\/div>\n\t\t\t\t<\/div>\n\t\t\t\t\t<\/div>\n\t\t\t\t<\/div>\n\t\t\t\t<\/div>\n\t\t","protected":false},"excerpt":{"rendered":"<p>El CAMIT est\u00e1 constituido por hombres y mujeres con experiencias en distintos \u00e1mbitos de las ciencias sociales \u2013arqueolog\u00eda, antropolog\u00eda, historia social, estudios culturales, etc.\u2013 y las geociencias. Sus integrantes desarrollaron trabajos e investigaciones en diferentes contextos (prehisp\u00e1nicos, hist\u00f3ricos, actuales) y paisajes (urbanos y rurales del Norte Grande).\u00a0 Con asiento en la provincia de Tucum\u00e1n, el [&hellip;]<\/p>\n","protected":false},"author":1,"featured_media":0,"parent":0,"menu_order":0,"comment_status":"closed","ping_status":"closed","template":"","meta":{"footnotes":""},"class_list":["post-643","page","type-page","status-publish","hentry"],"_links":{"self":[{"href":"https:\/\/camit-argentina.org\/index.php\/wp-json\/wp\/v2\/pages\/643","targetHints":{"allow":["GET"]}}],"collection":[{"href":"https:\/\/camit-argentina.org\/index.php\/wp-json\/wp\/v2\/pages"}],"about":[{"href":"https:\/\/camit-argentina.org\/index.php\/wp-json\/wp\/v2\/types\/page"}],"author":[{"embeddable":true,"href":"https:\/\/camit-argentina.org\/index.php\/wp-json\/wp\/v2\/users\/1"}],"replies":[{"embeddable":true,"href":"https:\/\/camit-argentina.org\/index.php\/wp-json\/wp\/v2\/comments?post=643"}],"version-history":[{"count":22,"href":"https:\/\/camit-argentina.org\/index.php\/wp-json\/wp\/v2\/pages\/643\/revisions"}],"predecessor-version":[{"id":886,"href":"https:\/\/camit-argentina.org\/index.php\/wp-json\/wp\/v2\/pages\/643\/revisions\/886"}],"wp:attachment":[{"href":"https:\/\/camit-argentina.org\/index.php\/wp-json\/wp\/v2\/media?parent=643"}],"curies":[{"name":"wp","href":"https:\/\/api.w.org\/{rel}","templated":true}]}}