{"id":648,"date":"2025-06-05T09:21:15","date_gmt":"2025-06-05T09:21:15","guid":{"rendered":"https:\/\/camit-argentina.org\/?page_id=648"},"modified":"2025-06-10T08:29:16","modified_gmt":"2025-06-10T08:29:16","slug":"publicaciones","status":"publish","type":"page","link":"https:\/\/camit-argentina.org\/index.php\/publicaciones\/","title":{"rendered":"Publicaciones"},"content":{"rendered":"\t\t<div data-elementor-type=\"wp-page\" data-elementor-id=\"648\" class=\"elementor elementor-648\">\n\t\t\t\t<div class=\"elementor-element elementor-element-d3591a0 e-flex e-con-boxed e-con e-parent\" data-id=\"d3591a0\" data-element_type=\"container\">\n\t\t\t\t\t<div class=\"e-con-inner\">\n\t\t\t\t<div class=\"elementor-element elementor-element-b8cce68 elementor-widget elementor-widget-image\" data-id=\"b8cce68\" data-element_type=\"widget\" data-widget_type=\"image.default\">\n\t\t\t\t<div class=\"elementor-widget-container\">\n\t\t\t\t\t\t\t\t\t\t\t\t\t\t\t<img fetchpriority=\"high\" decoding=\"async\" width=\"1024\" height=\"455\" src=\"https:\/\/camit-argentina.org\/wp-content\/uploads\/2025\/02\/Biblioteca-Sant-Marcel\u00b7li-Cami-Real-Clara-Santiro-i-Font-1024x455.jpg\" class=\"attachment-large size-large wp-image-84\" alt=\"\" srcset=\"https:\/\/camit-argentina.org\/wp-content\/uploads\/2025\/02\/Biblioteca-Sant-Marcel\u00b7li-Cami-Real-Clara-Santiro-i-Font-1024x455.jpg 1024w, https:\/\/camit-argentina.org\/wp-content\/uploads\/2025\/02\/Biblioteca-Sant-Marcel\u00b7li-Cami-Real-Clara-Santiro-i-Font-300x133.jpg 300w, https:\/\/camit-argentina.org\/wp-content\/uploads\/2025\/02\/Biblioteca-Sant-Marcel\u00b7li-Cami-Real-Clara-Santiro-i-Font-768x341.jpg 768w, https:\/\/camit-argentina.org\/wp-content\/uploads\/2025\/02\/Biblioteca-Sant-Marcel\u00b7li-Cami-Real-Clara-Santiro-i-Font-1536x683.jpg 1536w, https:\/\/camit-argentina.org\/wp-content\/uploads\/2025\/02\/Biblioteca-Sant-Marcel\u00b7li-Cami-Real-Clara-Santiro-i-Font.jpg 1914w\" sizes=\"(max-width: 1024px) 100vw, 1024px\" \/>\t\t\t\t\t\t\t\t\t\t\t\t\t\t\t<\/div>\n\t\t\t\t<\/div>\n\t\t\t\t\t<\/div>\n\t\t\t\t<\/div>\n\t\t<div class=\"elementor-element elementor-element-7598ec7 e-flex e-con-boxed e-con e-parent\" data-id=\"7598ec7\" data-element_type=\"container\">\n\t\t\t\t\t<div class=\"e-con-inner\">\n\t\t\t\t<div class=\"elementor-element elementor-element-ccfbd82 elementor-widget elementor-widget-text-editor\" data-id=\"ccfbd82\" data-element_type=\"widget\" data-widget_type=\"text-editor.default\">\n\t\t\t\t<div class=\"elementor-widget-container\">\n\t\t\t\t\t\t\t\t\t<h4><span style=\"font-weight: 400;\">Durante estos a\u00f1os generamos algunos textos donde exponemos parcialmente los resultados de las investigaciones del CAMIT.<\/span><\/h4><p><span style=\"font-weight: 400;\">Recientemente editamos un libro que re\u00fane el trabajo que realizan distintos equipos, investigadoras e investigadores tanto en Argentina como en otros pa\u00edses como Uruguay, Paraguay, Canad\u00e1, Espa\u00f1a y M\u00e9xico.<\/span><\/p><p>-PDF dei capitoli del libro<\/p>\t\t\t\t\t\t\t\t<\/div>\n\t\t\t\t<\/div>\n\t\t\t\t\t<\/div>\n\t\t\t\t<\/div>\n\t\t<div class=\"elementor-element elementor-element-986d358 e-grid e-con-boxed e-con e-parent\" data-id=\"986d358\" data-element_type=\"container\">\n\t\t\t\t\t<div class=\"e-con-inner\">\n\t\t\t\t<div class=\"elementor-element elementor-element-7bb48ea elementor-widget elementor-widget-image\" data-id=\"7bb48ea\" data-element_type=\"widget\" data-widget_type=\"image.default\">\n\t\t\t\t<div class=\"elementor-widget-container\">\n\t\t\t\t\t\t\t\t\t\t\t\t\t\t\t<img decoding=\"async\" width=\"668\" height=\"1024\" src=\"https:\/\/camit-argentina.org\/wp-content\/uploads\/2025\/04\/71hGZggSqBL._SL1360_-668x1024.jpg\" class=\"attachment-large size-large wp-image-314\" alt=\"\" srcset=\"https:\/\/camit-argentina.org\/wp-content\/uploads\/2025\/04\/71hGZggSqBL._SL1360_-668x1024.jpg 668w, https:\/\/camit-argentina.org\/wp-content\/uploads\/2025\/04\/71hGZggSqBL._SL1360_-196x300.jpg 196w, https:\/\/camit-argentina.org\/wp-content\/uploads\/2025\/04\/71hGZggSqBL._SL1360_-768x1178.jpg 768w, https:\/\/camit-argentina.org\/wp-content\/uploads\/2025\/04\/71hGZggSqBL._SL1360_.jpg 887w\" sizes=\"(max-width: 668px) 100vw, 668px\" \/>\t\t\t\t\t\t\t\t\t\t\t\t\t\t\t<\/div>\n\t\t\t\t<\/div>\n\t\t\t\t<div class=\"elementor-element elementor-element-9c6e562 elementor-widget elementor-widget-image\" data-id=\"9c6e562\" data-element_type=\"widget\" data-widget_type=\"image.default\">\n\t\t\t\t<div class=\"elementor-widget-container\">\n\t\t\t\t\t\t\t\t\t\t\t\t\t\t\t<img decoding=\"async\" width=\"1024\" height=\"1024\" src=\"https:\/\/camit-argentina.org\/wp-content\/uploads\/2025\/04\/Untitled-1-1024x1024.png\" class=\"attachment-large size-large wp-image-261\" alt=\"\" srcset=\"https:\/\/camit-argentina.org\/wp-content\/uploads\/2025\/04\/Untitled-1-1024x1024.png 1024w, https:\/\/camit-argentina.org\/wp-content\/uploads\/2025\/04\/Untitled-1-300x300.png 300w, https:\/\/camit-argentina.org\/wp-content\/uploads\/2025\/04\/Untitled-1-150x150.png 150w, https:\/\/camit-argentina.org\/wp-content\/uploads\/2025\/04\/Untitled-1-768x768.png 768w, https:\/\/camit-argentina.org\/wp-content\/uploads\/2025\/04\/Untitled-1.png 1080w\" sizes=\"(max-width: 1024px) 100vw, 1024px\" \/>\t\t\t\t\t\t\t\t\t\t\t\t\t\t\t<\/div>\n\t\t\t\t<\/div>\n\t\t\t\t<div class=\"elementor-element elementor-element-4b4ff52 elementor-widget elementor-widget-image\" data-id=\"4b4ff52\" data-element_type=\"widget\" data-widget_type=\"image.default\">\n\t\t\t\t<div class=\"elementor-widget-container\">\n\t\t\t\t\t\t\t\t\t\t\t\t\t\t\t<img decoding=\"async\" width=\"1024\" height=\"1024\" src=\"https:\/\/camit-argentina.org\/wp-content\/uploads\/2025\/04\/Untitled-1-1024x1024.png\" class=\"attachment-large size-large wp-image-261\" alt=\"\" srcset=\"https:\/\/camit-argentina.org\/wp-content\/uploads\/2025\/04\/Untitled-1-1024x1024.png 1024w, https:\/\/camit-argentina.org\/wp-content\/uploads\/2025\/04\/Untitled-1-300x300.png 300w, https:\/\/camit-argentina.org\/wp-content\/uploads\/2025\/04\/Untitled-1-150x150.png 150w, https:\/\/camit-argentina.org\/wp-content\/uploads\/2025\/04\/Untitled-1-768x768.png 768w, https:\/\/camit-argentina.org\/wp-content\/uploads\/2025\/04\/Untitled-1.png 1080w\" sizes=\"(max-width: 1024px) 100vw, 1024px\" \/>\t\t\t\t\t\t\t\t\t\t\t\t\t\t\t<\/div>\n\t\t\t\t<\/div>\n\t\t\t\t\t<\/div>\n\t\t\t\t<\/div>\n\t\t<div class=\"elementor-element elementor-element-8e25e6a e-grid e-con-boxed e-con e-parent\" data-id=\"8e25e6a\" data-element_type=\"container\">\n\t\t\t\t\t<div class=\"e-con-inner\">\n\t\t\t\t<div class=\"elementor-element elementor-element-a77f193 elementor-widget elementor-widget-button\" data-id=\"a77f193\" data-element_type=\"widget\" data-widget_type=\"button.default\">\n\t\t\t\t<div class=\"elementor-widget-container\">\n\t\t\t\t\t\t\t\t\t<div class=\"elementor-button-wrapper\">\n\t\t\t\t\t<a class=\"elementor-button elementor-button-link elementor-size-sm\" href=\"#\">\n\t\t\t\t\t\t<span class=\"elementor-button-content-wrapper\">\n\t\t\t\t\t\t<span class=\"elementor-button-icon\">\n\t\t\t\t<svg aria-hidden=\"true\" class=\"e-font-icon-svg e-fas-file-download\" viewBox=\"0 0 384 512\" xmlns=\"http:\/\/www.w3.org\/2000\/svg\"><path d=\"M224 136V0H24C10.7 0 0 10.7 0 24v464c0 13.3 10.7 24 24 24h336c13.3 0 24-10.7 24-24V160H248c-13.2 0-24-10.8-24-24zm76.45 211.36l-96.42 95.7c-6.65 6.61-17.39 6.61-24.04 0l-96.42-95.7C73.42 337.29 80.54 320 94.82 320H160v-80c0-8.84 7.16-16 16-16h32c8.84 0 16 7.16 16 16v80h65.18c14.28 0 21.4 17.29 11.27 27.36zM377 105L279.1 7c-4.5-4.5-10.6-7-17-7H256v128h128v-6.1c0-6.3-2.5-12.4-7-16.9z\"><\/path><\/svg>\t\t\t<\/span>\n\t\t\t\t\t\t\t\t\t<span class=\"elementor-button-text\">Primer capitulo<\/span>\n\t\t\t\t\t<\/span>\n\t\t\t\t\t<\/a>\n\t\t\t\t<\/div>\n\t\t\t\t\t\t\t\t<\/div>\n\t\t\t\t<\/div>\n\t\t\t\t<div class=\"elementor-element elementor-element-755783f elementor-widget elementor-widget-button\" data-id=\"755783f\" data-element_type=\"widget\" data-widget_type=\"button.default\">\n\t\t\t\t<div class=\"elementor-widget-container\">\n\t\t\t\t\t\t\t\t\t<div class=\"elementor-button-wrapper\">\n\t\t\t\t\t<a class=\"elementor-button elementor-button-link elementor-size-sm\" href=\"#\">\n\t\t\t\t\t\t<span class=\"elementor-button-content-wrapper\">\n\t\t\t\t\t\t<span class=\"elementor-button-icon\">\n\t\t\t\t<svg aria-hidden=\"true\" class=\"e-font-icon-svg e-fas-file-download\" viewBox=\"0 0 384 512\" xmlns=\"http:\/\/www.w3.org\/2000\/svg\"><path d=\"M224 136V0H24C10.7 0 0 10.7 0 24v464c0 13.3 10.7 24 24 24h336c13.3 0 24-10.7 24-24V160H248c-13.2 0-24-10.8-24-24zm76.45 211.36l-96.42 95.7c-6.65 6.61-17.39 6.61-24.04 0l-96.42-95.7C73.42 337.29 80.54 320 94.82 320H160v-80c0-8.84 7.16-16 16-16h32c8.84 0 16 7.16 16 16v80h65.18c14.28 0 21.4 17.29 11.27 27.36zM377 105L279.1 7c-4.5-4.5-10.6-7-17-7H256v128h128v-6.1c0-6.3-2.5-12.4-7-16.9z\"><\/path><\/svg>\t\t\t<\/span>\n\t\t\t\t\t\t\t\t\t<span class=\"elementor-button-text\">Segundo capitulo<\/span>\n\t\t\t\t\t<\/span>\n\t\t\t\t\t<\/a>\n\t\t\t\t<\/div>\n\t\t\t\t\t\t\t\t<\/div>\n\t\t\t\t<\/div>\n\t\t\t\t<div class=\"elementor-element elementor-element-4f88929 elementor-widget elementor-widget-button\" data-id=\"4f88929\" data-element_type=\"widget\" data-widget_type=\"button.default\">\n\t\t\t\t<div class=\"elementor-widget-container\">\n\t\t\t\t\t\t\t\t\t<div class=\"elementor-button-wrapper\">\n\t\t\t\t\t<a class=\"elementor-button elementor-button-link elementor-size-sm\" href=\"#\">\n\t\t\t\t\t\t<span class=\"elementor-button-content-wrapper\">\n\t\t\t\t\t\t<span class=\"elementor-button-icon\">\n\t\t\t\t<svg aria-hidden=\"true\" class=\"e-font-icon-svg e-fas-file-download\" viewBox=\"0 0 384 512\" xmlns=\"http:\/\/www.w3.org\/2000\/svg\"><path d=\"M224 136V0H24C10.7 0 0 10.7 0 24v464c0 13.3 10.7 24 24 24h336c13.3 0 24-10.7 24-24V160H248c-13.2 0-24-10.8-24-24zm76.45 211.36l-96.42 95.7c-6.65 6.61-17.39 6.61-24.04 0l-96.42-95.7C73.42 337.29 80.54 320 94.82 320H160v-80c0-8.84 7.16-16 16-16h32c8.84 0 16 7.16 16 16v80h65.18c14.28 0 21.4 17.29 11.27 27.36zM377 105L279.1 7c-4.5-4.5-10.6-7-17-7H256v128h128v-6.1c0-6.3-2.5-12.4-7-16.9z\"><\/path><\/svg>\t\t\t<\/span>\n\t\t\t\t\t\t\t\t\t<span class=\"elementor-button-text\">Tercer capitulo<\/span>\n\t\t\t\t\t<\/span>\n\t\t\t\t\t<\/a>\n\t\t\t\t<\/div>\n\t\t\t\t\t\t\t\t<\/div>\n\t\t\t\t<\/div>\n\t\t\t\t\t<\/div>\n\t\t\t\t<\/div>\n\t\t\t\t<\/div>\n\t\t","protected":false},"excerpt":{"rendered":"<p>Durante estos a\u00f1os generamos algunos textos donde exponemos parcialmente los resultados de las investigaciones del CAMIT. Recientemente editamos un libro que re\u00fane el trabajo que realizan distintos equipos, investigadoras e investigadores tanto en Argentina como en otros pa\u00edses como Uruguay, Paraguay, Canad\u00e1, Espa\u00f1a y M\u00e9xico. -PDF dei capitoli del libro Primer capitulo Segundo capitulo Tercer [&hellip;]<\/p>\n","protected":false},"author":1,"featured_media":0,"parent":0,"menu_order":0,"comment_status":"closed","ping_status":"closed","template":"","meta":{"footnotes":""},"class_list":["post-648","page","type-page","status-publish","hentry"],"_links":{"self":[{"href":"https:\/\/camit-argentina.org\/index.php\/wp-json\/wp\/v2\/pages\/648","targetHints":{"allow":["GET"]}}],"collection":[{"href":"https:\/\/camit-argentina.org\/index.php\/wp-json\/wp\/v2\/pages"}],"about":[{"href":"https:\/\/camit-argentina.org\/index.php\/wp-json\/wp\/v2\/types\/page"}],"author":[{"embeddable":true,"href":"https:\/\/camit-argentina.org\/index.php\/wp-json\/wp\/v2\/users\/1"}],"replies":[{"embeddable":true,"href":"https:\/\/camit-argentina.org\/index.php\/wp-json\/wp\/v2\/comments?post=648"}],"version-history":[{"count":43,"href":"https:\/\/camit-argentina.org\/index.php\/wp-json\/wp\/v2\/pages\/648\/revisions"}],"predecessor-version":[{"id":820,"href":"https:\/\/camit-argentina.org\/index.php\/wp-json\/wp\/v2\/pages\/648\/revisions\/820"}],"wp:attachment":[{"href":"https:\/\/camit-argentina.org\/index.php\/wp-json\/wp\/v2\/media?parent=648"}],"curies":[{"name":"wp","href":"https:\/\/api.w.org\/{rel}","templated":true}]}}