{"id":659,"date":"2025-06-05T09:28:57","date_gmt":"2025-06-05T09:28:57","guid":{"rendered":"https:\/\/camit-argentina.org\/?page_id=659"},"modified":"2025-06-06T08:56:49","modified_gmt":"2025-06-06T08:56:49","slug":"memoria-y-educacion","status":"publish","type":"page","link":"https:\/\/camit-argentina.org\/index.php\/memoria-y-educacion\/","title":{"rendered":"Memoria y Educaci\u00f3n"},"content":{"rendered":"\t\t<div data-elementor-type=\"wp-page\" data-elementor-id=\"659\" class=\"elementor elementor-659\">\n\t\t\t\t<div class=\"elementor-element elementor-element-8b6f873 e-grid e-con-boxed e-con e-parent\" data-id=\"8b6f873\" data-element_type=\"container\">\n\t\t\t\t\t<div class=\"e-con-inner\">\n\t\t\t\t<div class=\"elementor-element elementor-element-872b280 elementor-widget elementor-widget-image\" data-id=\"872b280\" data-element_type=\"widget\" data-widget_type=\"image.default\">\n\t\t\t\t<div class=\"elementor-widget-container\">\n\t\t\t\t\t\t\t\t\t\t\t\t\t\t\t<img fetchpriority=\"high\" decoding=\"async\" width=\"1024\" height=\"461\" src=\"https:\/\/camit-argentina.org\/wp-content\/uploads\/2024\/06\/Familiares-de-victimas-y-CAMIT-en-Pozo-de-Vargas-1024x461.jpg\" class=\"attachment-large size-large wp-image-19\" alt=\"\" srcset=\"https:\/\/camit-argentina.org\/wp-content\/uploads\/2024\/06\/Familiares-de-victimas-y-CAMIT-en-Pozo-de-Vargas-1024x461.jpg 1024w, https:\/\/camit-argentina.org\/wp-content\/uploads\/2024\/06\/Familiares-de-victimas-y-CAMIT-en-Pozo-de-Vargas-300x135.jpg 300w, https:\/\/camit-argentina.org\/wp-content\/uploads\/2024\/06\/Familiares-de-victimas-y-CAMIT-en-Pozo-de-Vargas-768x346.jpg 768w, https:\/\/camit-argentina.org\/wp-content\/uploads\/2024\/06\/Familiares-de-victimas-y-CAMIT-en-Pozo-de-Vargas-1536x691.jpg 1536w, https:\/\/camit-argentina.org\/wp-content\/uploads\/2024\/06\/Familiares-de-victimas-y-CAMIT-en-Pozo-de-Vargas-2048x922.jpg 2048w\" sizes=\"(max-width: 1024px) 100vw, 1024px\" \/>\t\t\t\t\t\t\t\t\t\t\t\t\t\t\t<\/div>\n\t\t\t\t<\/div>\n\t\t\t\t<div class=\"elementor-element elementor-element-326724d elementor-widget elementor-widget-image\" data-id=\"326724d\" data-element_type=\"widget\" data-widget_type=\"image.default\">\n\t\t\t\t<div class=\"elementor-widget-container\">\n\t\t\t\t\t\t\t\t\t\t\t\t\t\t\t<img decoding=\"async\" width=\"1024\" height=\"768\" src=\"https:\/\/camit-argentina.org\/wp-content\/uploads\/2024\/06\/Equipo-2-1024x768.jpg\" class=\"attachment-large size-large wp-image-17\" alt=\"\" srcset=\"https:\/\/camit-argentina.org\/wp-content\/uploads\/2024\/06\/Equipo-2-1024x768.jpg 1024w, https:\/\/camit-argentina.org\/wp-content\/uploads\/2024\/06\/Equipo-2-300x225.jpg 300w, https:\/\/camit-argentina.org\/wp-content\/uploads\/2024\/06\/Equipo-2-768x576.jpg 768w, https:\/\/camit-argentina.org\/wp-content\/uploads\/2024\/06\/Equipo-2-1536x1152.jpg 1536w, https:\/\/camit-argentina.org\/wp-content\/uploads\/2024\/06\/Equipo-2-2048x1536.jpg 2048w\" sizes=\"(max-width: 1024px) 100vw, 1024px\" \/>\t\t\t\t\t\t\t\t\t\t\t\t\t\t\t<\/div>\n\t\t\t\t<\/div>\n\t\t\t\t<div class=\"elementor-element elementor-element-b3e574f elementor-widget elementor-widget-image\" data-id=\"b3e574f\" data-element_type=\"widget\" data-widget_type=\"image.default\">\n\t\t\t\t<div class=\"elementor-widget-container\">\n\t\t\t\t\t\t\t\t\t\t\t\t\t\t\t<img decoding=\"async\" width=\"1024\" height=\"455\" src=\"https:\/\/camit-argentina.org\/wp-content\/uploads\/2025\/02\/Biblioteca-Sant-Marcel\u00b7li-Cami-Real-Clara-Santiro-i-Font-1024x455.jpg\" class=\"attachment-large size-large wp-image-84\" alt=\"\" srcset=\"https:\/\/camit-argentina.org\/wp-content\/uploads\/2025\/02\/Biblioteca-Sant-Marcel\u00b7li-Cami-Real-Clara-Santiro-i-Font-1024x455.jpg 1024w, https:\/\/camit-argentina.org\/wp-content\/uploads\/2025\/02\/Biblioteca-Sant-Marcel\u00b7li-Cami-Real-Clara-Santiro-i-Font-300x133.jpg 300w, https:\/\/camit-argentina.org\/wp-content\/uploads\/2025\/02\/Biblioteca-Sant-Marcel\u00b7li-Cami-Real-Clara-Santiro-i-Font-768x341.jpg 768w, https:\/\/camit-argentina.org\/wp-content\/uploads\/2025\/02\/Biblioteca-Sant-Marcel\u00b7li-Cami-Real-Clara-Santiro-i-Font-1536x683.jpg 1536w, https:\/\/camit-argentina.org\/wp-content\/uploads\/2025\/02\/Biblioteca-Sant-Marcel\u00b7li-Cami-Real-Clara-Santiro-i-Font.jpg 1914w\" sizes=\"(max-width: 1024px) 100vw, 1024px\" \/>\t\t\t\t\t\t\t\t\t\t\t\t\t\t\t<\/div>\n\t\t\t\t<\/div>\n\t\t\t\t\t<\/div>\n\t\t\t\t<\/div>\n\t\t<div class=\"elementor-element elementor-element-1151dc2 e-flex e-con-boxed e-con e-parent\" data-id=\"1151dc2\" data-element_type=\"container\">\n\t\t\t\t\t<div class=\"e-con-inner\">\n\t\t\t\t<div class=\"elementor-element elementor-element-d607328 elementor-widget elementor-widget-text-editor\" data-id=\"d607328\" data-element_type=\"widget\" data-widget_type=\"text-editor.default\">\n\t\t\t\t<div class=\"elementor-widget-container\">\n\t\t\t\t\t\t\t\t\t<h4><strong>Un aspecto esencial del trabajo realizado en estos a\u00f1os es el referido al \u00e1mbito educativo. Durante los \u00faltimos a\u00f1os interactuamos con m\u00e1s de una treintena de establecimientos escolares del Nivel Medio (Secundaria) principalmente de la provincia de Tucum\u00e1n, pero tambi\u00e9n de Buenos Aires, C\u00f3rdoba, Mendoza y San Juan.<\/strong><\/h4><p><span style=\"font-weight: 400;\">Tambi\u00e9n hemos recibido a centenares de estudiantes y docentes en el mismo predio donde se encuentra el Pozo de Vargas, constituyendo una excelente oportunidad para que j\u00f3venes de distintos establecimientos se aproximen \u2013en algunos casos por primera vez\u2013 tanto a lo ocurrido en Tucum\u00e1n desde la d\u00e9cada de 1970 hasta 1983, como a los procesos de memoria posdictadura, el trabajo arqueol\u00f3gico y los aportes de las distintas disciplinas (por ejemplo, Arqueolog\u00eda, Antropolog\u00eda, Historia, Biolog\u00eda, Matem\u00e1ticas, Qu\u00edmica, F\u00edsica, Geolog\u00eda, Ingenier\u00eda, entre otras) que contribuyen a sustentar una investigaci\u00f3n forense.<\/span><\/p><p>-Foto degli studenti e delle presentazioni scolastiche e della mostra itinerante<\/p><p>-Lavoro PDF Rivista Il nostro NOA<\/p>\t\t\t\t\t\t\t\t<\/div>\n\t\t\t\t<\/div>\n\t\t\t\t\t<\/div>\n\t\t\t\t<\/div>\n\t\t\t\t<\/div>\n\t\t","protected":false},"excerpt":{"rendered":"<p>Un aspecto esencial del trabajo realizado en estos a\u00f1os es el referido al \u00e1mbito educativo. Durante los \u00faltimos a\u00f1os interactuamos con m\u00e1s de una treintena de establecimientos escolares del Nivel Medio (Secundaria) principalmente de la provincia de Tucum\u00e1n, pero tambi\u00e9n de Buenos Aires, C\u00f3rdoba, Mendoza y San Juan. Tambi\u00e9n hemos recibido a centenares de estudiantes [&hellip;]<\/p>\n","protected":false},"author":1,"featured_media":0,"parent":0,"menu_order":0,"comment_status":"closed","ping_status":"closed","template":"","meta":{"footnotes":""},"class_list":["post-659","page","type-page","status-publish","hentry"],"_links":{"self":[{"href":"https:\/\/camit-argentina.org\/index.php\/wp-json\/wp\/v2\/pages\/659","targetHints":{"allow":["GET"]}}],"collection":[{"href":"https:\/\/camit-argentina.org\/index.php\/wp-json\/wp\/v2\/pages"}],"about":[{"href":"https:\/\/camit-argentina.org\/index.php\/wp-json\/wp\/v2\/types\/page"}],"author":[{"embeddable":true,"href":"https:\/\/camit-argentina.org\/index.php\/wp-json\/wp\/v2\/users\/1"}],"replies":[{"embeddable":true,"href":"https:\/\/camit-argentina.org\/index.php\/wp-json\/wp\/v2\/comments?post=659"}],"version-history":[{"count":19,"href":"https:\/\/camit-argentina.org\/index.php\/wp-json\/wp\/v2\/pages\/659\/revisions"}],"predecessor-version":[{"id":758,"href":"https:\/\/camit-argentina.org\/index.php\/wp-json\/wp\/v2\/pages\/659\/revisions\/758"}],"wp:attachment":[{"href":"https:\/\/camit-argentina.org\/index.php\/wp-json\/wp\/v2\/media?parent=659"}],"curies":[{"name":"wp","href":"https:\/\/api.w.org\/{rel}","templated":true}]}}