{"id":664,"date":"2025-06-05T09:33:56","date_gmt":"2025-06-05T09:33:56","guid":{"rendered":"https:\/\/camit-argentina.org\/?page_id=664"},"modified":"2025-06-10T07:54:28","modified_gmt":"2025-06-10T07:54:28","slug":"proyectos-expositivos","status":"publish","type":"page","link":"https:\/\/camit-argentina.org\/index.php\/proyectos-expositivos\/","title":{"rendered":"Proyectos expositivos"},"content":{"rendered":"\t\t<div data-elementor-type=\"wp-page\" data-elementor-id=\"664\" class=\"elementor elementor-664\">\n\t\t\t\t<div class=\"elementor-element elementor-element-4a634d5 e-flex e-con-boxed e-con e-parent\" data-id=\"4a634d5\" data-element_type=\"container\">\n\t\t\t\t\t<div class=\"e-con-inner\">\n\t\t\t\t<div class=\"elementor-element elementor-element-c10fa13 elementor-widget elementor-widget-text-editor\" data-id=\"c10fa13\" data-element_type=\"widget\" data-widget_type=\"text-editor.default\">\n\t\t\t\t<div class=\"elementor-widget-container\">\n\t\t\t\t\t\t\t\t\t<p><span style=\"font-weight: 400;\">Durante los \u00faltimos a\u00f1os co-generamos con distintas instituciones y organismos de Derechos Humanos \u2013como FaDeTuc\u2013, la Asociaci\u00f3n Amigos del Museo y Talleres Ferroviarios de Taf\u00ed Viejo, el Instituto Superior de Estudios Sociales (ISES, UNT-CONICET), el \u00c1rea de DD.HH. de la UNT, la Municipalidad de Taf\u00ed Viejo, entre otros, distintas experiencias expositivas itinerantes y temporarias que posibilitaron presentar los resultados parciales de las investigaciones que realiza el CAMIT y de la Arqueolog\u00eda Forense en Tucum\u00e1n.<\/span><\/p><p>-File pdf proiettati<\/p>\t\t\t\t\t\t\t\t<\/div>\n\t\t\t\t<\/div>\n\t\t\t\t\t<\/div>\n\t\t\t\t<\/div>\n\t\t<div class=\"elementor-element elementor-element-1e11085 e-flex e-con-boxed e-con e-parent\" data-id=\"1e11085\" data-element_type=\"container\">\n\t\t\t\t\t<div class=\"e-con-inner\">\n\t\t\t\t<div class=\"elementor-element elementor-element-bdadef6 elementor-widget elementor-widget-button\" data-id=\"bdadef6\" data-element_type=\"widget\" data-widget_type=\"button.default\">\n\t\t\t\t<div class=\"elementor-widget-container\">\n\t\t\t\t\t\t\t\t\t<div class=\"elementor-button-wrapper\">\n\t\t\t\t\t<a class=\"elementor-button elementor-button-link elementor-size-sm\" href=\"https:\/\/camit-argentina.org\/wp-content\/uploads\/2025\/06\/CAMIT-Arqueologia-Forense-Exposicion-CIIDEPT-2013.pdf\">\n\t\t\t\t\t\t<span class=\"elementor-button-content-wrapper\">\n\t\t\t\t\t\t<span class=\"elementor-button-icon\">\n\t\t\t\t<svg aria-hidden=\"true\" class=\"e-font-icon-svg e-fas-file-download\" viewBox=\"0 0 384 512\" xmlns=\"http:\/\/www.w3.org\/2000\/svg\"><path d=\"M224 136V0H24C10.7 0 0 10.7 0 24v464c0 13.3 10.7 24 24 24h336c13.3 0 24-10.7 24-24V160H248c-13.2 0-24-10.8-24-24zm76.45 211.36l-96.42 95.7c-6.65 6.61-17.39 6.61-24.04 0l-96.42-95.7C73.42 337.29 80.54 320 94.82 320H160v-80c0-8.84 7.16-16 16-16h32c8.84 0 16 7.16 16 16v80h65.18c14.28 0 21.4 17.29 11.27 27.36zM377 105L279.1 7c-4.5-4.5-10.6-7-17-7H256v128h128v-6.1c0-6.3-2.5-12.4-7-16.9z\"><\/path><\/svg>\t\t\t<\/span>\n\t\t\t\t\t\t\t\t\t<span class=\"elementor-button-text\">Presentaci\u00f3n CAMIT<\/span>\n\t\t\t\t\t<\/span>\n\t\t\t\t\t<\/a>\n\t\t\t\t<\/div>\n\t\t\t\t\t\t\t\t<\/div>\n\t\t\t\t<\/div>\n\t\t\t\t\t<\/div>\n\t\t\t\t<\/div>\n\t\t\t\t<\/div>\n\t\t","protected":false},"excerpt":{"rendered":"<p>Durante los \u00faltimos a\u00f1os co-generamos con distintas instituciones y organismos de Derechos Humanos \u2013como FaDeTuc\u2013, la Asociaci\u00f3n Amigos del Museo y Talleres Ferroviarios de Taf\u00ed Viejo, el Instituto Superior de Estudios Sociales (ISES, UNT-CONICET), el \u00c1rea de DD.HH. de la UNT, la Municipalidad de Taf\u00ed Viejo, entre otros, distintas experiencias expositivas itinerantes y temporarias que [&hellip;]<\/p>\n","protected":false},"author":1,"featured_media":0,"parent":0,"menu_order":0,"comment_status":"closed","ping_status":"closed","template":"","meta":{"footnotes":""},"class_list":["post-664","page","type-page","status-publish","hentry"],"_links":{"self":[{"href":"https:\/\/camit-argentina.org\/index.php\/wp-json\/wp\/v2\/pages\/664","targetHints":{"allow":["GET"]}}],"collection":[{"href":"https:\/\/camit-argentina.org\/index.php\/wp-json\/wp\/v2\/pages"}],"about":[{"href":"https:\/\/camit-argentina.org\/index.php\/wp-json\/wp\/v2\/types\/page"}],"author":[{"embeddable":true,"href":"https:\/\/camit-argentina.org\/index.php\/wp-json\/wp\/v2\/users\/1"}],"replies":[{"embeddable":true,"href":"https:\/\/camit-argentina.org\/index.php\/wp-json\/wp\/v2\/comments?post=664"}],"version-history":[{"count":32,"href":"https:\/\/camit-argentina.org\/index.php\/wp-json\/wp\/v2\/pages\/664\/revisions"}],"predecessor-version":[{"id":792,"href":"https:\/\/camit-argentina.org\/index.php\/wp-json\/wp\/v2\/pages\/664\/revisions\/792"}],"wp:attachment":[{"href":"https:\/\/camit-argentina.org\/index.php\/wp-json\/wp\/v2\/media?parent=664"}],"curies":[{"name":"wp","href":"https:\/\/api.w.org\/{rel}","templated":true}]}}